{"id":2732,"date":"2014-09-15T15:55:18","date_gmt":"2014-09-15T15:55:18","guid":{"rendered":"http:\/\/nelitanoivas.pt\/wordpress\/?page_id=2732"},"modified":"2025-02-19T11:29:50","modified_gmt":"2025-02-19T11:29:50","slug":"empresa","status":"publish","type":"page","link":"https:\/\/www.nelitanoivas.pt\/?page_id=2732","title":{"rendered":"Quem somos"},"content":{"rendered":"\n<div class=\"container section-title-container\" ><h3 class=\"section-title section-title-bold\"><b><\/b><span class=\"section-title-main\" >A empresa<\/span><b><\/b><\/h3><\/div>\n\n<div class=\"row\"  id=\"row-1667711088\">\n\n\n\t<div id=\"col-1789995671\" class=\"col large-12\"  >\n\t\t<div class=\"col-inner\"  >\n\t\t\t\n\t\t\t\n\n\n\t\t<\/div>\n\t\t\t<\/div>\n\n\t\n<p>Fundada em 1962  por Benedito Sim\u00f5es, a Nelita noivas orgulha-se de ser uma casa de refer\u00eancia no sector, em Portugal. Actualmente na terceira gera\u00e7\u00e3o da familia Sim\u00f5es, a Nelita noivas j\u00e1 conta com um alcance internacional e uma vasta experi&ecirc;ncia na organiza\u00e7\u00e3o de cerim\u00f3nias inesquec\u00edveis. \n\nO nosso principal foco \u00e9 a satisfa\u00e7\u00e3o do cliente. \nTemos aten\u00e7\u00e3o a todos os pequenos detalhes, para que a sua cerim\u00f3nia seja \u00fanica e perfeita. \nO nosso objectivo, \u00e9 a realiza\u00e7\u00e3o do seu sonho.\n\nNa Nelita noivas pode contar com o aconselhamento de uma equipa de excel\u00eancia, dedicada a satisfazer os seus desejos, atrav\u00e9s de um atendimento exclusivo e personalizado, desde a primeira visita.\n\nVisite-nos e descubra tudo o que precisa para realizar a cerim\u00f3nia com que sempre sonhou\n\nAtendimento por marca\u00e7\u00e3o\n<div id='gallery-1' class='gallery galleryid-2732 gallery-columns-4 gallery-size-thumbnail'><figure class='gallery-item'>\n\t\t\t<div class='gallery-icon portrait'>\n\t\t\t\t<a href='https:\/\/www.nelitanoivas.pt\/wp-content\/uploads\/2014\/09\/317013_276395472391710_269440701_n.jpg'><img loading=\"lazy\" decoding=\"async\" width=\"150\" height=\"150\" src=\"https:\/\/www.nelitanoivas.pt\/wp-content\/uploads\/2014\/09\/317013_276395472391710_269440701_n-150x150.jpg\" class=\"attachment-thumbnail size-thumbnail\" alt=\"\" srcset=\"https:\/\/www.nelitanoivas.pt\/wp-content\/uploads\/2014\/09\/317013_276395472391710_269440701_n-150x150.jpg 150w, https:\/\/www.nelitanoivas.pt\/wp-content\/uploads\/2014\/09\/317013_276395472391710_269440701_n-100x100.jpg 100w\" sizes=\"(max-width: 150px) 100vw, 150px\" \/><\/a>\n\t\t\t<\/div><\/figure><figure class='gallery-item'>\n\t\t\t<div class='gallery-icon landscape'>\n\t\t\t\t<a href='https:\/\/www.nelitanoivas.pt\/wp-content\/uploads\/2014\/09\/DSC_0069-scaled.jpg'><img loading=\"lazy\" decoding=\"async\" width=\"150\" height=\"150\" src=\"https:\/\/www.nelitanoivas.pt\/wp-content\/uploads\/2014\/09\/DSC_0069-150x150.jpg\" class=\"attachment-thumbnail size-thumbnail\" alt=\"\" srcset=\"https:\/\/www.nelitanoivas.pt\/wp-content\/uploads\/2014\/09\/DSC_0069-150x150.jpg 150w, https:\/\/www.nelitanoivas.pt\/wp-content\/uploads\/2014\/09\/DSC_0069-scaled-100x100.jpg 100w\" sizes=\"(max-width: 150px) 100vw, 150px\" \/><\/a>\n\t\t\t<\/div><\/figure><figure class='gallery-item'>\n\t\t\t<div class='gallery-icon landscape'>\n\t\t\t\t<a href='https:\/\/www.nelitanoivas.pt\/wp-content\/uploads\/2014\/09\/DSC_0071-scaled.jpg'><img loading=\"lazy\" decoding=\"async\" width=\"150\" height=\"150\" src=\"https:\/\/www.nelitanoivas.pt\/wp-content\/uploads\/2014\/09\/DSC_0071-150x150.jpg\" class=\"attachment-thumbnail size-thumbnail\" alt=\"\" srcset=\"https:\/\/www.nelitanoivas.pt\/wp-content\/uploads\/2014\/09\/DSC_0071-150x150.jpg 150w, https:\/\/www.nelitanoivas.pt\/wp-content\/uploads\/2014\/09\/DSC_0071-scaled-100x100.jpg 100w\" sizes=\"(max-width: 150px) 100vw, 150px\" \/><\/a>\n\t\t\t<\/div><\/figure><figure class='gallery-item'>\n\t\t\t<div class='gallery-icon landscape'>\n\t\t\t\t<a href='https:\/\/www.nelitanoivas.pt\/wp-content\/uploads\/2014\/09\/47495108_2158525190845386_3374712755457097728_n.jpg'><img loading=\"lazy\" decoding=\"async\" width=\"150\" height=\"150\" src=\"https:\/\/www.nelitanoivas.pt\/wp-content\/uploads\/2014\/09\/47495108_2158525190845386_3374712755457097728_n-150x150.jpg\" class=\"attachment-thumbnail size-thumbnail\" alt=\"\" srcset=\"https:\/\/www.nelitanoivas.pt\/wp-content\/uploads\/2014\/09\/47495108_2158525190845386_3374712755457097728_n-150x150.jpg 150w, https:\/\/www.nelitanoivas.pt\/wp-content\/uploads\/2014\/09\/47495108_2158525190845386_3374712755457097728_n-100x100.jpg 100w\" sizes=\"(max-width: 150px) 100vw, 150px\" \/><\/a>\n\t\t\t<\/div><\/figure><figure class='gallery-item'>\n\t\t\t<div class='gallery-icon landscape'>\n\t\t\t\t<a href='https:\/\/www.nelitanoivas.pt\/wp-content\/uploads\/2014\/09\/49368633_282772339087589_251041323782504448_n.jpg'><img loading=\"lazy\" decoding=\"async\" width=\"150\" height=\"150\" src=\"https:\/\/www.nelitanoivas.pt\/wp-content\/uploads\/2014\/09\/49368633_282772339087589_251041323782504448_n-150x150.jpg\" class=\"attachment-thumbnail size-thumbnail\" alt=\"\" srcset=\"https:\/\/www.nelitanoivas.pt\/wp-content\/uploads\/2014\/09\/49368633_282772339087589_251041323782504448_n-150x150.jpg 150w, https:\/\/www.nelitanoivas.pt\/wp-content\/uploads\/2014\/09\/49368633_282772339087589_251041323782504448_n-100x100.jpg 100w\" sizes=\"(max-width: 150px) 100vw, 150px\" \/><\/a>\n\t\t\t<\/div><\/figure><figure class='gallery-item'>\n\t\t\t<div class='gallery-icon landscape'>\n\t\t\t\t<a href='https:\/\/www.nelitanoivas.pt\/wp-content\/uploads\/2014\/09\/49378841_236154673950541_683382588747808768_n.jpg'><img loading=\"lazy\" decoding=\"async\" width=\"150\" height=\"150\" src=\"https:\/\/www.nelitanoivas.pt\/wp-content\/uploads\/2014\/09\/49378841_236154673950541_683382588747808768_n-150x150.jpg\" class=\"attachment-thumbnail size-thumbnail\" alt=\"\" srcset=\"https:\/\/www.nelitanoivas.pt\/wp-content\/uploads\/2014\/09\/49378841_236154673950541_683382588747808768_n-150x150.jpg 150w, https:\/\/www.nelitanoivas.pt\/wp-content\/uploads\/2014\/09\/49378841_236154673950541_683382588747808768_n-100x100.jpg 100w\" sizes=\"(max-width: 150px) 100vw, 150px\" \/><\/a>\n\t\t\t<\/div><\/figure><figure class='gallery-item'>\n\t\t\t<div class='gallery-icon landscape'>\n\t\t\t\t<a href='https:\/\/www.nelitanoivas.pt\/wp-content\/uploads\/2014\/09\/49676636_346418832857081_6660444362750558208_n.jpg'><img loading=\"lazy\" decoding=\"async\" width=\"150\" height=\"150\" src=\"https:\/\/www.nelitanoivas.pt\/wp-content\/uploads\/2014\/09\/49676636_346418832857081_6660444362750558208_n-150x150.jpg\" class=\"attachment-thumbnail size-thumbnail\" alt=\"\" srcset=\"https:\/\/www.nelitanoivas.pt\/wp-content\/uploads\/2014\/09\/49676636_346418832857081_6660444362750558208_n-150x150.jpg 150w, https:\/\/www.nelitanoivas.pt\/wp-content\/uploads\/2014\/09\/49676636_346418832857081_6660444362750558208_n-100x100.jpg 100w\" sizes=\"(max-width: 150px) 100vw, 150px\" \/><\/a>\n\t\t\t<\/div><\/figure>\n\t\t<\/div>\n\n\n<hr>\n<div class=\"hero-unit\">\n\n<\/div>\n","protected":false},"excerpt":{"rendered":"","protected":false},"author":1,"featured_media":0,"parent":0,"menu_order":0,"comment_status":"open","ping_status":"open","template":"page-blank.php","meta":{"footnotes":""},"_links":{"self":[{"href":"https:\/\/www.nelitanoivas.pt\/index.php?rest_route=\/wp\/v2\/pages\/2732"}],"collection":[{"href":"https:\/\/www.nelitanoivas.pt\/index.php?rest_route=\/wp\/v2\/pages"}],"about":[{"href":"https:\/\/www.nelitanoivas.pt\/index.php?rest_route=\/wp\/v2\/types\/page"}],"author":[{"embeddable":true,"href":"https:\/\/www.nelitanoivas.pt\/index.php?rest_route=\/wp\/v2\/users\/1"}],"replies":[{"embeddable":true,"href":"https:\/\/www.nelitanoivas.pt\/index.php?rest_route=%2Fwp%2Fv2%2Fcomments&post=2732"}],"version-history":[{"count":56,"href":"https:\/\/www.nelitanoivas.pt\/index.php?rest_route=\/wp\/v2\/pages\/2732\/revisions"}],"predecessor-version":[{"id":14658,"href":"https:\/\/www.nelitanoivas.pt\/index.php?rest_route=\/wp\/v2\/pages\/2732\/revisions\/14658"}],"wp:attachment":[{"href":"https:\/\/www.nelitanoivas.pt\/index.php?rest_route=%2Fwp%2Fv2%2Fmedia&parent=2732"}],"curies":[{"name":"wp","href":"https:\/\/api.w.org\/{rel}","templated":true}]}}